{"id":466,"date":"2023-07-26T15:39:35","date_gmt":"2023-07-26T13:39:35","guid":{"rendered":"http:\/\/carrecouleur.com\/?page_id=466"},"modified":"2024-07-18T11:20:18","modified_gmt":"2024-07-18T09:20:18","slug":"locations","status":"publish","type":"page","link":"https:\/\/carrecouleur.com\/?page_id=466","title":{"rendered":"Locations"},"content":{"rendered":"<div id='fullscreen_slider_1'  class='avia-fullscreen-slider main_color   avia-builder-el-0  el_before_av_section  avia-builder-el-first   container_wrap sidebar_right' style=' '  ><a href='#next-section' title='' class='scroll-down-link av-control-default' aria-hidden='true' data-av_icon='\ue877' data-av_iconfont='entypo-fontello'><\/a><div   data-size='no scaling'  data-lightbox_size='large'  data-animation='slide'  data-conditional_play=''  data-ids='479'  data-video_counter='0'  data-autoplay='true'  data-bg_slider='true'  data-slide_height='100'  data-handle='av_fullscreen'  data-interval='3'  data-class=' '  data-el_id=''  data-css_id='fullscreen_slider_1'  data-scroll_down='aviaTBscroll_down'  data-control_layout='av-control-default'  data-custom_markup=''  data-perma_caption='aviaTBperma_caption'  data-autoplay_stopper=''  data-image_attachment=''  data-min_height='0px'  data-lazy_loading='disabled'  data-stretch=''  class='avia-slideshow avia-slideshow-1 av-slider-scroll-down-active av-control-default av-default-height-applied avia-slideshow-no scaling av_fullscreen   avia-slide-slider '  itemprop=\"image\" itemscope=\"itemscope\" itemtype=\"https:\/\/schema.org\/ImageObject\" ><ul class='avia-slideshow-inner ' style='padding-bottom: 43.462149285336%;' ><li style='background-position:center center;' data-img-url='https:\/\/carrecouleur.com\/wp-content\/uploads\/2023\/07\/fond-location.jpg' class=' av-single-slide slide-1 ' ><div data-rel='slideshow-1' class='avia-slide-wrap '   ><\/div><\/li><\/ul><div class = \"caption_fullwidth av-slideshow-caption caption_left caption_left_framed caption_framed\"><div class = \"container caption_container\"><div class = \"slideshow_caption\"><div class = \"slideshow_inner_caption\"><div class = \"slideshow_align_caption\"><h2  style='font-size:30px; color:#dd003b; ' class='avia-caption-title  '  itemprop=\"name\" >Location <br \/> CARRE COULEUR<\/h2><div class='avia-caption-content  av_inherit_color'  itemprop=\"description\"   style='font-size:20px; '><p>Mat\u00e9riel &#038; \u00e9clairage<\/p>\n<\/div><a href=''  class='avia-slideshow-button avia-button avia-color-light ' data-duration='800' data-easing='easeInOutQuad'>R\u00e9servation<\/a><\/div><\/div><\/div><\/div><\/div><\/div><\/div>\n<div id='av_section_1'  class='avia-section main_color avia-section-default avia-no-border-styling  avia-bg-style-scroll  avia-builder-el-1  el_after_av_fullscreen  el_before_av_section   container_wrap sidebar_right' style=' '  ><div class='container' ><div class='template-page content  av-content-small alpha units'><div class='post-entry post-entry-type-page post-entry-466'><div class='entry-content-wrapper clearfix'>\n<div  style='padding-bottom:30px; color:#cc1236;' class='av-special-heading av-special-heading-h3 custom-color-heading blockquote modern-quote modern-centered  avia-builder-el-2  el_before_av_textblock  avia-builder-el-first  '><h3 class='av-special-heading-tag '  itemprop=\"headline\"  >LOCATIONS<\/h3><div class='special-heading-border'><div class='special-heading-inner-border' style='border-color:#cc1236'><\/div><\/div><\/div>\n<section class=\"av_textblock_section \"  itemscope=\"itemscope\" itemtype=\"https:\/\/schema.org\/CreativeWork\" ><div class='avia_textblock  av_inherit_color '  style='font-size:15px; color:#000000; '  itemprop=\"text\" ><p style=\"text-align: center;\"><strong>Tous nos tarifs sont d\u00e9gressifs \u00e0 partir du 2\u00e8me jours de location Sauf:<\/strong><\/p>\n<p style=\"text-align: center;\">Week-end 2 jours -20%<br \/>\nSi achat sous 30 jours -50% de location d\u00e9duit.<\/p>\n<p style=\"text-align: center;\">Conditions<br \/>\n1 pi\u00e8ce d&rsquo;identit\u00e9<br \/>\n1 ch\u00e8que caution<br \/>\n1 CB encaissement \u00e0 l&rsquo;enl\u00e8vement du mat\u00e9riel<br \/>\n1 quittance EDF<br \/>\n1 K BIS pour les soci\u00e9t\u00e9s<\/p>\n<p style=\"text-align: center;\">\n<\/div><\/section>\n<div  style=' margin-top:30px; margin-bottom:30px;'  class='hr hr-custom hr-center hr-icon-no   avia-builder-el-4  el_after_av_textblock  avia-builder-el-last '><span class='hr-inner  inner-border-av-border-fat' style=' width:500px; border-color:#cc1236;' ><span class='hr-inner-style'><\/span><\/span><\/div>\n\n<\/div><\/div><\/div><!-- close content main div --><\/div><\/div><div id='av_section_2'  class='avia-section main_color avia-section-default avia-no-border-styling  avia-bg-style-scroll  avia-builder-el-5  el_after_av_section  el_before_av_layout_row   container_wrap sidebar_right' style=' '  ><div class='container' ><div class='template-page content  av-content-small alpha units'><div class='post-entry post-entry-type-page post-entry-466'><div class='entry-content-wrapper clearfix'>\n<div class=\"flex_column av_one_half  flex_column_div av-zero-column-padding first  avia-builder-el-6  el_before_av_one_half  avia-builder-el-first  \" style='border-radius:0px; '><div  class='avia-image-container  av-styling-    avia-builder-el-7  avia-builder-el-no-sibling  avia-align-center '  itemprop=\"image\" itemscope=\"itemscope\" itemtype=\"https:\/\/schema.org\/ImageObject\"  ><div class='avia-image-container-inner'><div class='avia-image-overlay-wrap'><a href='https:\/\/carrecouleur.com\/?3d-flip-book=location-sony' class='avia_image'   target=\"_blank\"  rel=\"noopener noreferrer\"><img decoding=\"async\" width=\"595\" height=\"842\" class='wp-image-531 avia-img-lazy-loading-not-531 avia_image' src=\"https:\/\/carrecouleur.com\/wp-content\/uploads\/2023\/07\/location-sony-p0-2.jpg\" alt='' title='location-sony-carre-couleur'  itemprop=\"thumbnailUrl\" srcset=\"https:\/\/carrecouleur.com\/wp-content\/uploads\/2023\/07\/location-sony-p0-2.jpg 595w, https:\/\/carrecouleur.com\/wp-content\/uploads\/2023\/07\/location-sony-p0-2-212x300.jpg 212w, https:\/\/carrecouleur.com\/wp-content\/uploads\/2023\/07\/location-sony-p0-2-498x705.jpg 498w\" sizes=\"(max-width: 595px) 100vw, 595px\" \/><\/a><\/div><\/div><\/div><\/div><div class=\"flex_column av_one_half  flex_column_div av-zero-column-padding   avia-builder-el-8  el_after_av_one_half  el_before_av_one_half  \" style='border-radius:0px; '><div  class='avia-image-container  av-styling-    avia-builder-el-9  avia-builder-el-no-sibling  avia-align-center '  itemprop=\"image\" itemscope=\"itemscope\" itemtype=\"https:\/\/schema.org\/ImageObject\"  ><div class='avia-image-container-inner'><div class='avia-image-overlay-wrap'><a href='https:\/\/carrecouleur.com\/?3d-flip-book=location-nikon-z' class='avia_image'   target=\"_blank\"  rel=\"noopener noreferrer\"><img decoding=\"async\" width=\"595\" height=\"842\" class='wp-image-497 avia-img-lazy-loading-not-497 avia_image' src=\"https:\/\/carrecouleur.com\/wp-content\/uploads\/2023\/07\/location-nikon-z.jpg\" alt='' title='location-nikon-z-carre-couleur'  itemprop=\"thumbnailUrl\" srcset=\"https:\/\/carrecouleur.com\/wp-content\/uploads\/2023\/07\/location-nikon-z.jpg 595w, https:\/\/carrecouleur.com\/wp-content\/uploads\/2023\/07\/location-nikon-z-212x300.jpg 212w, https:\/\/carrecouleur.com\/wp-content\/uploads\/2023\/07\/location-nikon-z-498x705.jpg 498w\" sizes=\"(max-width: 595px) 100vw, 595px\" \/><\/a><\/div><\/div><\/div><\/div><div class=\"flex_column av_one_half  flex_column_div av-zero-column-padding first  avia-builder-el-10  el_after_av_one_half  el_before_av_one_half  column-top-margin\" style='border-radius:0px; '><div  class='avia-image-container  av-styling-    avia-builder-el-11  avia-builder-el-no-sibling  avia-align-center '  itemprop=\"image\" itemscope=\"itemscope\" itemtype=\"https:\/\/schema.org\/ImageObject\"  ><div class='avia-image-container-inner'><div class='avia-image-overlay-wrap'><a href='https:\/\/carrecouleur.com\/?3d-flip-book=location-nikon-f' class='avia_image'   target=\"_blank\"  rel=\"noopener noreferrer\"><img decoding=\"async\" width=\"595\" height=\"842\" class='wp-image-504 avia-img-lazy-loading-not-504 avia_image' src=\"https:\/\/carrecouleur.com\/wp-content\/uploads\/2023\/07\/location-nikon-F.jpg\" alt='' title='location-nikon-F-carre-couleur'  itemprop=\"thumbnailUrl\" srcset=\"https:\/\/carrecouleur.com\/wp-content\/uploads\/2023\/07\/location-nikon-F.jpg 595w, https:\/\/carrecouleur.com\/wp-content\/uploads\/2023\/07\/location-nikon-F-212x300.jpg 212w, https:\/\/carrecouleur.com\/wp-content\/uploads\/2023\/07\/location-nikon-F-498x705.jpg 498w\" sizes=\"(max-width: 595px) 100vw, 595px\" \/><\/a><\/div><\/div><\/div><\/div><div class=\"flex_column av_one_half  flex_column_div av-zero-column-padding   avia-builder-el-12  el_after_av_one_half  el_before_av_one_half  column-top-margin\" style='border-radius:0px; '><div  class='avia-image-container  av-styling-    avia-builder-el-13  avia-builder-el-no-sibling  avia-align-center '  itemprop=\"image\" itemscope=\"itemscope\" itemtype=\"https:\/\/schema.org\/ImageObject\"  ><div class='avia-image-container-inner'><div class='avia-image-overlay-wrap'><a href='https:\/\/carrecouleur.com\/?3d-flip-book=location-leica' class='avia_image'   target=\"_blank\"  rel=\"noopener noreferrer\"><img decoding=\"async\" width=\"595\" height=\"842\" class='wp-image-510 avia-img-lazy-loading-not-510 avia_image' src=\"https:\/\/carrecouleur.com\/wp-content\/uploads\/2023\/07\/location-leica.jpg\" alt='' title='location-leica-carre-couleur'  itemprop=\"thumbnailUrl\" srcset=\"https:\/\/carrecouleur.com\/wp-content\/uploads\/2023\/07\/location-leica.jpg 595w, https:\/\/carrecouleur.com\/wp-content\/uploads\/2023\/07\/location-leica-212x300.jpg 212w, https:\/\/carrecouleur.com\/wp-content\/uploads\/2023\/07\/location-leica-498x705.jpg 498w\" sizes=\"(max-width: 595px) 100vw, 595px\" \/><\/a><\/div><\/div><\/div><\/div><div class=\"flex_column av_one_half  flex_column_div av-zero-column-padding first  avia-builder-el-14  el_after_av_one_half  el_before_av_one_half  column-top-margin\" style='border-radius:0px; '><div  class='avia-image-container  av-styling-    avia-builder-el-15  avia-builder-el-no-sibling  avia-align-center '  itemprop=\"image\" itemscope=\"itemscope\" itemtype=\"https:\/\/schema.org\/ImageObject\"  ><div class='avia-image-container-inner'><div class='avia-image-overlay-wrap'><a href='https:\/\/carrecouleur.com\/?3d-flip-book=location-broncolor-flash' class='avia_image'   target=\"_blank\"  rel=\"noopener noreferrer\"><img decoding=\"async\" width=\"595\" height=\"842\" class='wp-image-529 avia-img-lazy-loading-not-529 avia_image' src=\"https:\/\/carrecouleur.com\/wp-content\/uploads\/2023\/07\/location-broncolor-led.jpg\" alt='' title='location-broncolor-led-carre-couleur'  itemprop=\"thumbnailUrl\" srcset=\"https:\/\/carrecouleur.com\/wp-content\/uploads\/2023\/07\/location-broncolor-led.jpg 595w, https:\/\/carrecouleur.com\/wp-content\/uploads\/2023\/07\/location-broncolor-led-212x300.jpg 212w, https:\/\/carrecouleur.com\/wp-content\/uploads\/2023\/07\/location-broncolor-led-498x705.jpg 498w\" sizes=\"(max-width: 595px) 100vw, 595px\" \/><\/a><\/div><\/div><\/div><\/div><div class=\"flex_column av_one_half  flex_column_div av-zero-column-padding   avia-builder-el-16  el_after_av_one_half  el_before_av_one_half  column-top-margin\" style='border-radius:0px; '><div  class='avia-image-container  av-styling-    avia-builder-el-17  avia-builder-el-no-sibling  avia-align-center '  itemprop=\"image\" itemscope=\"itemscope\" itemtype=\"https:\/\/schema.org\/ImageObject\"  ><div class='avia-image-container-inner'><div class='avia-image-overlay-wrap'><a href='https:\/\/carrecouleur.com\/?3d-flip-book=location-fuji' class='avia_image'   target=\"_blank\"  rel=\"noopener noreferrer\"><img decoding=\"async\" width=\"595\" height=\"842\" class='wp-image-889 avia-img-lazy-loading-not-889 avia_image' src=\"https:\/\/carrecouleur.com\/wp-content\/uploads\/2024\/02\/location-fuji.jpg\" alt='' title='location-fuji'  itemprop=\"thumbnailUrl\" srcset=\"https:\/\/carrecouleur.com\/wp-content\/uploads\/2024\/02\/location-fuji.jpg 595w, https:\/\/carrecouleur.com\/wp-content\/uploads\/2024\/02\/location-fuji-212x300.jpg 212w, https:\/\/carrecouleur.com\/wp-content\/uploads\/2024\/02\/location-fuji-498x705.jpg 498w\" sizes=\"(max-width: 595px) 100vw, 595px\" \/><\/a><\/div><\/div><\/div><\/div><div class=\"flex_column av_one_half  flex_column_div av-zero-column-padding first  avia-builder-el-18  el_after_av_one_half  el_before_av_one_half  column-top-margin\" style='border-radius:0px; '><div  class='avia-image-container  av-styling-    avia-builder-el-19  avia-builder-el-no-sibling  avia-align-center '  itemprop=\"image\" itemscope=\"itemscope\" itemtype=\"https:\/\/schema.org\/ImageObject\"  ><div class='avia-image-container-inner'><div class='avia-image-overlay-wrap'><a href='https:\/\/carrecouleur.com\/?3d-flip-book=location-flash' class='avia_image'   target=\"_blank\"  rel=\"noopener noreferrer\"><img decoding=\"async\" width=\"595\" height=\"842\" class='wp-image-537 avia-img-lazy-loading-not-537 avia_image' src=\"https:\/\/carrecouleur.com\/wp-content\/uploads\/2023\/07\/location-flash.jpg\" alt='' title='location-flash-carre-couleur'  itemprop=\"thumbnailUrl\" srcset=\"https:\/\/carrecouleur.com\/wp-content\/uploads\/2023\/07\/location-flash.jpg 595w, https:\/\/carrecouleur.com\/wp-content\/uploads\/2023\/07\/location-flash-212x300.jpg 212w, https:\/\/carrecouleur.com\/wp-content\/uploads\/2023\/07\/location-flash-498x705.jpg 498w\" sizes=\"(max-width: 595px) 100vw, 595px\" \/><\/a><\/div><\/div><\/div><\/div><div class=\"flex_column av_one_half  flex_column_div av-zero-column-padding   avia-builder-el-20  el_after_av_one_half  avia-builder-el-last  column-top-margin\" style='border-radius:0px; '><div  class='avia-image-container  av-styling-    avia-builder-el-21  avia-builder-el-no-sibling  avia-align-center '  itemprop=\"image\" itemscope=\"itemscope\" itemtype=\"https:\/\/schema.org\/ImageObject\"  ><div class='avia-image-container-inner'><div class='avia-image-overlay-wrap'><a href='https:\/\/carrecouleur.com\/?3d-flip-book=location-accessoires' class='avia_image'   target=\"_blank\"  rel=\"noopener noreferrer\"><img decoding=\"async\" width=\"595\" height=\"842\" class='wp-image-542 avia-img-lazy-loading-not-542 avia_image' src=\"https:\/\/carrecouleur.com\/wp-content\/uploads\/2023\/07\/location-accessoire.jpg\" alt='' title='location-accessoire-carre-couleur'  itemprop=\"thumbnailUrl\" srcset=\"https:\/\/carrecouleur.com\/wp-content\/uploads\/2023\/07\/location-accessoire.jpg 595w, https:\/\/carrecouleur.com\/wp-content\/uploads\/2023\/07\/location-accessoire-212x300.jpg 212w, https:\/\/carrecouleur.com\/wp-content\/uploads\/2023\/07\/location-accessoire-498x705.jpg 498w\" sizes=\"(max-width: 595px) 100vw, 595px\" \/><\/a><\/div><\/div><\/div><\/div><\/div><\/div><\/div><!-- close content main div --><\/div><\/div><div id='av-layout-grid-1'  class='av-layout-grid-container entry-content-wrapper main_color av-flex-cells     avia-builder-el-22  el_after_av_section  avia-builder-el-last  submenu-not-first container_wrap sidebar_right' style=' '  >\n<div class=\"flex_cell no_margin av_one_half  avia-builder-el-23  el_before_av_cell_one_half  avia-builder-el-first   \" ><div class='flex_cell_inner' ><\/div><\/div> <div class=\"flex_cell no_margin av_one_half  avia-builder-el-24  el_after_av_cell_one_half  avia-builder-el-last   \" ><div class='flex_cell_inner' ><\/div><\/div>\n<\/div><\/p>\n","protected":false},"excerpt":{"rendered":"","protected":false},"author":1,"featured_media":0,"parent":0,"menu_order":0,"comment_status":"closed","ping_status":"closed","template":"","meta":{"footnotes":""},"class_list":["post-466","page","type-page","status-publish","hentry"],"_links":{"self":[{"href":"https:\/\/carrecouleur.com\/index.php?rest_route=\/wp\/v2\/pages\/466","targetHints":{"allow":["GET"]}}],"collection":[{"href":"https:\/\/carrecouleur.com\/index.php?rest_route=\/wp\/v2\/pages"}],"about":[{"href":"https:\/\/carrecouleur.com\/index.php?rest_route=\/wp\/v2\/types\/page"}],"author":[{"embeddable":true,"href":"https:\/\/carrecouleur.com\/index.php?rest_route=\/wp\/v2\/users\/1"}],"replies":[{"embeddable":true,"href":"https:\/\/carrecouleur.com\/index.php?rest_route=%2Fwp%2Fv2%2Fcomments&post=466"}],"version-history":[{"count":36,"href":"https:\/\/carrecouleur.com\/index.php?rest_route=\/wp\/v2\/pages\/466\/revisions"}],"predecessor-version":[{"id":921,"href":"https:\/\/carrecouleur.com\/index.php?rest_route=\/wp\/v2\/pages\/466\/revisions\/921"}],"wp:attachment":[{"href":"https:\/\/carrecouleur.com\/index.php?rest_route=%2Fwp%2Fv2%2Fmedia&parent=466"}],"curies":[{"name":"wp","href":"https:\/\/api.w.org\/{rel}","templated":true}]}}